{"id":477,"date":"2023-04-23T10:42:46","date_gmt":"2023-04-23T10:42:46","guid":{"rendered":"https:\/\/bylauget.dk\/?page_id=477"},"modified":"2024-03-11T21:44:25","modified_gmt":"2024-03-11T20:44:25","slug":"vedtaegter","status":"publish","type":"page","link":"https:\/\/kildebroende.dk\/?page_id=477","title":{"rendered":"Vedt\u00e6gter"},"content":{"rendered":"\n<div class=\"wp-block-columns is-layout-flex wp-container-core-columns-is-layout-2 wp-block-columns-is-layout-flex\">\n<div class=\"wp-block-column is-vertically-aligned-center is-layout-flow wp-block-column-is-layout-flow\">\n<div class=\"wp-block-columns is-layout-flex wp-container-core-columns-is-layout-1 wp-block-columns-is-layout-flex\">\n<div class=\"wp-block-column is-layout-flow wp-block-column-is-layout-flow\">\n<figure class=\"wp-block-image size-large\"><img loading=\"lazy\" decoding=\"async\" width=\"1024\" height=\"250\" src=\"http:\/\/kildebroende.dk\/wp-content\/uploads\/2023\/04\/Vedtaegter-1-1024x250.png\" alt=\"\" class=\"wp-image-512\" srcset=\"https:\/\/kildebroende.dk\/wp-content\/uploads\/2023\/04\/Vedtaegter-1-1024x250.png 1024w, https:\/\/kildebroende.dk\/wp-content\/uploads\/2023\/04\/Vedtaegter-1-300x73.png 300w, https:\/\/kildebroende.dk\/wp-content\/uploads\/2023\/04\/Vedtaegter-1-768x188.png 768w, https:\/\/kildebroende.dk\/wp-content\/uploads\/2023\/04\/Vedtaegter-1-1536x375.png 1536w, https:\/\/kildebroende.dk\/wp-content\/uploads\/2023\/04\/Vedtaegter-1.png 1715w\" sizes=\"auto, (max-width: 1024px) 100vw, 1024px\" \/><\/figure>\n<\/div>\n<\/div>\n\n\n\n<h2 class=\"wp-block-heading\">Vedt\u00e6gter for Kildebr\u00f8nde Bylaug<\/h2>\n<\/div>\n<\/div>\n\n\n\n<p>Revision af vedt\u00e6gterne g\u00e6ldende fra generalforsamlingen 2017.<\/p>\n\n\n\n<p><strong>Forord<\/strong><br>Form\u00e5let med revision af vedt\u00e6gterne er at modernisere indhold og sprogbrug. I den forbindelse vil betegnelser som generalforsamling og bestyrelse fremover blive brugt i stedet for betegnelser som Laugsst\u00e6vne, byst\u00e6vne samt bym\u00e6nd\/kvinder. Dog vil betegnelsen oldermand blive fastholdt, da bylauget ikke har et juridisk ansvar som f.eks. en grundejerforening, og det signalerer vi bedst til myndigheder m.v. p\u00e5 denne m\u00e5de.<\/p>\n\n\n\n<p><strong>Vedt\u00e6gter<\/strong><br>\u00a71. Foreningens navn er Kildebr\u00f8nde Bylaug.<\/p>\n\n\n\n<p>\u00a71.1 Foreningen d\u00e6kker omr\u00e5det Kildebr\u00f8nde sogns vestlige del, det vil sige Kildebr\u00f8nde kirkeby, Kildebr\u00f8nde landevejsby, Str\u00e5husene og Kildebr\u00f8nde mark indtil K\u00f8ge Bugt Motorvejen. Kort over omr\u00e5det kan ses p\u00e5 Kildebr\u00f8nde Bylaugs website www.kildebroende.dk<\/p>\n\n\n\n<p>\u00a71.2. Bylauget har til form\u00e5l at styrke og udvikle Kildebr\u00f8nde landsby, herunder omr\u00e5derne op til landsbyen, s\u00e5 byens historie bevares og p\u00e5 bedste vis forenes med den samfundsudvikling, der finder sted.<\/p>\n\n\n\n<p>\u00a71.3. Bylauget varetager medlemmernes interesse over for relevante myndigheder og foreninger.<\/p>\n\n\n\n<p>\u00a71.4. Bylauget \u00f8nsker at styrke og udvikle sammenhold og f\u00e6llesskab i landsbyen via f\u00e6llesaktiviteter som fester og boldspil.<\/p>\n\n\n\n<p>\u00a71.5. Alle husstande beliggende i Kildebr\u00f8nde landsby kan v\u00e6re medlemmer af Kildebr\u00f8nde Bylaug. Der er ikke medlemspligt af Kildebr\u00f8nde Bylaug.<\/p>\n\n\n\n<p>\u00a71.6. Bor ejeren ikke selv p\u00e5 matriklen, kan lejeren v\u00e6re ligev\u00e6rdigt medlem af Bylauget, med mindre ejeren g\u00f8r indsigelser mod dette til bestyrelsen.<\/p>\n\n\n\n<p>\u00a71.7. Hvert medlem af Kildebr\u00f8nde Bylaug (husstand med betalt kontingent) har \u00e9n stemme ved stemmeafgivning. Alle beboere i husstande med betalt kontingent kan deltage i sociale arrangementer som boldspil og fester.<\/p>\n\n\n\n<p>\u00a72. Generalforsamlingen er Bylaugets h\u00f8jeste myndighed.<\/p>\n\n\n\n<p>\u00a72.1. Generalforsamlingen afholdes f\u00f8rste mandag i marts. Hvis generalforsamlingen afholdes p\u00e5 et andet tidspunkt, skal det varsles med minimum 14 dage f\u00f8r afholdelse. Indkaldelse kan ske via Kildebr\u00f8nde Bylaugs website www.kildebroende.dk<\/p>\n\n\n\n<p>\u00a72.2. Generalforsamlingen er \u00e5ben for alle husstande beliggende i Kildebr\u00f8nde Bylaugs omr\u00e5de. Der er kun stemmeret for medlemmer, det vil sige husstande med betalt kontingent. Hvert medlem har \u00e9n stemme.<\/p>\n\n\n\n<p>\u00a72.3. Afstemning p\u00e5 generalforsamlingen afg\u00f8res ved simpelt flertal, undtaget er dog vedt\u00e6gts\u00e6ndringer (se \u00a77) og opl\u00f8sning af Kildebr\u00f8nde Bylaug (se \u00a78). Afstemning foreg\u00e5r ved h\u00e5ndsopr\u00e6kning, dog kan skriftlig afstemning foretages, hvis to af de tilstedev\u00e6rende stemmeberettigede \u00f8nsker det.<\/p>\n\n\n\n<p>\u00a72.4. \u00d8nsker medlemmerne et punkt taget op til afstemning p\u00e5 generalforsamlingen, skal forslag og beslutningsgrundlag v\u00e6re bestyrelsen i h\u00e6nde senest fire uger inden afholdelse af generalforsamling.<\/p>\n\n\n\n<p>\u00a73. Til at varetage Kildebr\u00f8nde Bylaugs interesser v\u00e6lges p\u00e5 generalforsamlingen en oldermand, en kasserer og et passende antal medlemmer til hvert udvalg \u00e2\u20ac\u201c dog s\u00e5 den samlede bestyrelse ikke bliver for stor. Alle bestyrelsesmedlemmer v\u00e6lges for en to\u00e5rig periode og kan opstille til genvalg. Oldermand og kasserer kan ikke v\u00e6re p\u00e5 valg samtidig.<br>Bestyrelsen konstituerer sig selv og har mulighed for at tilknytte en referent til bestyrelsesarbejdet.<\/p>\n\n\n\n<p>\u00a73.1. S\u00e5fremt oldermanden har forfald, v\u00e6lger bestyrelsen i enkelttilf\u00e6lde en stedfortr\u00e6der for oldermanden.<\/p>\n\n\n\n<p>\u00a73.2. P\u00e5 generalforsamlingen v\u00e6lges ogs\u00e5 en revisor, der p\u00e5 medlemmernes vegne godkender Bylaugets regnskab.<\/p>\n\n\n\n<p>\u00a73.3. P\u00e5 generalforsamlingen freml\u00e6gges regnskabet for Kildebr\u00f8nde Bylaug. Regnskabet godkendes ved simpelt flertal blandt de tilstedev\u00e6rende stemmeberettigede.<\/p>\n\n\n\n<p>\u00a73.4. Tegningsret. For forhold af \u00f8konomisk karakter, f.eks. kommunikation med banken, tegnes bylauget af oldermanden og kassereren. I andre forhold som f. eks. dialog med myndigheder tegnes bylauget af et hvilket som helst bestyrelsesmedlem.<\/p>\n\n\n\n<p>\u00a74. Bylaugets ordin\u00e6re \u00e5rlige generalforsamling har f\u00f8lgende faste dagsorden:<\/p>\n\n\n\n<ol class=\"wp-block-list\">\n<li>Valg af dirigent<\/li>\n\n\n\n<li>Valg af referent<\/li>\n\n\n\n<li>Valg af stemmet\u00e6llere<\/li>\n\n\n\n<li>Oldermandens beretning &#8211; evt. suppleret med beretning fra udvalg<\/li>\n\n\n\n<li>Afl\u00e6ggelse og godkendelse af regnskab &#8211; regnskabs\u00e5r 1. jan. &#8211; 31. dec.<\/li>\n\n\n\n<li>Fasts\u00e6ttelse af kontingent for kommende \u00e5r<\/li>\n\n\n\n<li>Valg til bestyrelsen i henhold til vedt\u00e6gterne (Se \u00a73)<\/li>\n\n\n\n<li>Valg af revisor (Se \u00a73.2)<\/li>\n\n\n\n<li>Behandling af indkomne forslag (se \u00a72.1)<\/li>\n\n\n\n<li>Eventuelt<\/li>\n<\/ol>\n\n\n\n<p>\u00a75. Det \u00e5rlige kontingentet fasts\u00e6ttes p\u00e5 generalforsamlingen og betales senest ved det f\u00f8rstkommende m\u00e5nedsskifte efter generalforsamlingen.<\/p>\n\n\n\n<p>\u00a76. Der indkaldes til ekstraordin\u00e6r generalforsamling, hvis generalforsamlingen eller mindst 10 medlemmer af Bylauget (kontingentbetalende husstande) \u00f8nsker det. Ekstraordin\u00e6r generalforsamling skal indkaldes senest 21 dage, efter at det er beg\u00e6ret og afholdes mellem 14 og 21 dage efter indkaldelsen.<\/p>\n\n\n\n<p>\u00a77. Vedt\u00e6gts\u00e6ndringer kan kun vedtages p\u00e5 den ordin\u00e6re generalforsamling og kr\u00e6ver et flertal p\u00e5 \u00be af de tilstedev\u00e6rende stemmeberettigede.<\/p>\n\n\n\n<p>\u00a78. Beslutning om nedl\u00e6ggelse af Kildebr\u00f8nde Bylaug kan kun vedtages med et flertal p\u00e5 \u00be af samtlige husstande beliggende i Kildebr\u00f8nde Bylaugs omr\u00e5de. S\u00e5fremt der ikke er fremm\u00f8dt mindst \u00be af samtlige husstande, indkaldes til ekstraordin\u00e6r generalforsamling med fire ugers varsel, og denne er da beslutningsdygtig uanset antal fremm\u00f8dte. P\u00e5 den ekstraordin\u00e6re generalforsamling skal nedl\u00e6ggelse af Bylauget besluttes med \u00be flertal.<\/p>\n\n\n\n<p>\u00a78.1. Ved nedl\u00e6ggelse af Kildebr\u00f8nde Bylaug deles overskuddet solidarisk mellem de medlemmer (kontingentbetalende husstande), der var inden den ordin\u00e6re generalforsamling.<\/p>\n\n\n\n<p>Vedtaget ved generalforsamlingen 2018.<\/p>\n","protected":false},"excerpt":{"rendered":"<p>Vedt\u00e6gter for Kildebr\u00f8nde Bylaug Revision af vedt\u00e6gterne g\u00e6ldende fra generalforsamlingen 2017. ForordForm\u00e5let med revision af vedt\u00e6gterne er at modernisere indhold og sprogbrug. I den forbindelse vil betegnelser som generalforsamling og bestyrelse fremover blive brugt i stedet for betegnelser som Laugsst\u00e6vne, byst\u00e6vne samt bym\u00e6nd\/kvinder. Dog vil betegnelsen oldermand blive fastholdt, da bylauget ikke har et juridisk&hellip;&nbsp;<a href=\"https:\/\/kildebroende.dk\/?page_id=477\" rel=\"bookmark\">L\u00e6s mere &raquo;<span class=\"screen-reader-text\">Vedt\u00e6gter<\/span><\/a><\/p>\n","protected":false},"author":1,"featured_media":0,"parent":0,"menu_order":0,"comment_status":"closed","ping_status":"closed","template":"","meta":{"inline_featured_image":false,"neve_meta_sidebar":"","neve_meta_container":"","neve_meta_enable_content_width":"","neve_meta_content_width":0,"neve_meta_title_alignment":"","neve_meta_author_avatar":"","neve_post_elements_order":"","neve_meta_disable_header":"","neve_meta_disable_footer":"","neve_meta_disable_title":"","footnotes":""},"class_list":["post-477","page","type-page","status-publish","hentry"],"_links":{"self":[{"href":"https:\/\/kildebroende.dk\/index.php?rest_route=\/wp\/v2\/pages\/477","targetHints":{"allow":["GET"]}}],"collection":[{"href":"https:\/\/kildebroende.dk\/index.php?rest_route=\/wp\/v2\/pages"}],"about":[{"href":"https:\/\/kildebroende.dk\/index.php?rest_route=\/wp\/v2\/types\/page"}],"author":[{"embeddable":true,"href":"https:\/\/kildebroende.dk\/index.php?rest_route=\/wp\/v2\/users\/1"}],"replies":[{"embeddable":true,"href":"https:\/\/kildebroende.dk\/index.php?rest_route=%2Fwp%2Fv2%2Fcomments&post=477"}],"version-history":[{"count":14,"href":"https:\/\/kildebroende.dk\/index.php?rest_route=\/wp\/v2\/pages\/477\/revisions"}],"predecessor-version":[{"id":897,"href":"https:\/\/kildebroende.dk\/index.php?rest_route=\/wp\/v2\/pages\/477\/revisions\/897"}],"wp:attachment":[{"href":"https:\/\/kildebroende.dk\/index.php?rest_route=%2Fwp%2Fv2%2Fmedia&parent=477"}],"curies":[{"name":"wp","href":"https:\/\/api.w.org\/{rel}","templated":true}]}}