{"id":397,"date":"2023-04-21T13:31:39","date_gmt":"2023-04-21T13:31:39","guid":{"rendered":"https:\/\/bylauget.dk\/?page_id=397"},"modified":"2025-03-06T21:29:07","modified_gmt":"2025-03-06T20:29:07","slug":"om-os","status":"publish","type":"page","link":"https:\/\/kildebroende.dk\/","title":{"rendered":"Velkommen til Kildebr\u00f8ndes hjemmeside"},"content":{"rendered":"\n<h2 class=\"wp-block-heading has-text-align-center has-large-font-size\" style=\"font-style:normal;font-weight:900\">Velkommen til<\/h2>\n\n\n\n<h2 class=\"wp-block-heading has-text-align-center has-x-large-font-size\" style=\"font-style:normal;font-weight:900;text-transform:uppercase\"> Kildebr\u00f8ndes hjemmeside<\/h2>\n\n\n<div class=\"wp-block-image\">\n<figure class=\"aligncenter size-full\"><img loading=\"lazy\" decoding=\"async\" width=\"768\" height=\"432\" src=\"http:\/\/kildebroende.dk\/wp-content\/uploads\/2024\/08\/Hoesttid-1.png\" alt=\"\" class=\"wp-image-921\" srcset=\"https:\/\/kildebroende.dk\/wp-content\/uploads\/2024\/08\/Hoesttid-1.png 768w, https:\/\/kildebroende.dk\/wp-content\/uploads\/2024\/08\/Hoesttid-1-300x169.png 300w\" sizes=\"auto, (max-width: 768px) 100vw, 768px\" \/><\/figure><\/div>\n\n\n<hr class=\"wp-block-separator has-alpha-channel-opacity\"\/>\n\n\n\n<details class=\"wp-block-details is-layout-flow wp-block-details-is-layout-flow\" style=\"font-style:normal;font-weight:700\"><summary>Bliv medlem af Bylauget og st\u00f8t Bylaugets arbejde &#8211; Se mere her <br><\/summary>\n<p>Kontingentet er 300 kr om \u00e5ret pr. husstand uanset antal. Send bel\u00f8bet p\u00e5 mobile pay til #18873 og skriv samtidig navn og adresse.<br>Eller scan QR-koden herunder.<\/p>\n\n\n<div class=\"wp-block-image\">\n<figure class=\"aligncenter size-full is-resized\"><img loading=\"lazy\" decoding=\"async\" width=\"800\" height=\"800\" src=\"https:\/\/kildebroende.dk\/wp-content\/uploads\/2025\/03\/QR-Kildebroende.png\" alt=\"\" class=\"wp-image-951\" style=\"width:342px;height:auto\" srcset=\"https:\/\/kildebroende.dk\/wp-content\/uploads\/2025\/03\/QR-Kildebroende.png 800w, https:\/\/kildebroende.dk\/wp-content\/uploads\/2025\/03\/QR-Kildebroende-300x300.png 300w, https:\/\/kildebroende.dk\/wp-content\/uploads\/2025\/03\/QR-Kildebroende-150x150.png 150w, https:\/\/kildebroende.dk\/wp-content\/uploads\/2025\/03\/QR-Kildebroende-768x768.png 768w\" sizes=\"auto, (max-width: 800px) 100vw, 800px\" \/><\/figure><\/div>\n\n\n<p>Pengene g\u00e5r blandt andet til vedligeholdelse af f\u00e6llesarealer som boldbanen og legepladsen og til andre f\u00e6llesaktiviteter.<\/p>\n<\/details>\n\n\n\n<hr class=\"wp-block-separator has-alpha-channel-opacity\"\/>\n\n\n\n<p>Her kan du l\u00e6se om Kildebr\u00f8nde by, kommende begivenheder og Bylauget. Form\u00e5let med hjemmesiden er at skabe et forum, hvor vi som borgere i Kildebr\u00f8nde kan dele viden, komme hinanden mere ved og samle informationer omkring bym\u00f8der og kommende begivenheder i byen.<\/p>\n\n\n\n<hr class=\"wp-block-separator has-alpha-channel-opacity\"\/>\n","protected":false},"excerpt":{"rendered":"<p>Velkommen til Kildebr\u00f8ndes hjemmeside Her kan du l\u00e6se om Kildebr\u00f8nde by, kommende begivenheder og Bylauget. Form\u00e5let med hjemmesiden er at skabe et forum, hvor vi som borgere i Kildebr\u00f8nde kan dele viden, komme hinanden mere ved og samle informationer omkring bym\u00f8der og kommende begivenheder i byen.<\/p>\n","protected":false},"author":1,"featured_media":0,"parent":0,"menu_order":0,"comment_status":"closed","ping_status":"closed","template":"","meta":{"inline_featured_image":false,"neve_meta_sidebar":"","neve_meta_container":"","neve_meta_enable_content_width":"","neve_meta_content_width":0,"neve_meta_title_alignment":"","neve_meta_author_avatar":"","neve_post_elements_order":"","neve_meta_disable_header":"","neve_meta_disable_footer":"","neve_meta_disable_title":"","footnotes":""},"class_list":["post-397","page","type-page","status-publish","hentry"],"_links":{"self":[{"href":"https:\/\/kildebroende.dk\/index.php?rest_route=\/wp\/v2\/pages\/397","targetHints":{"allow":["GET"]}}],"collection":[{"href":"https:\/\/kildebroende.dk\/index.php?rest_route=\/wp\/v2\/pages"}],"about":[{"href":"https:\/\/kildebroende.dk\/index.php?rest_route=\/wp\/v2\/types\/page"}],"author":[{"embeddable":true,"href":"https:\/\/kildebroende.dk\/index.php?rest_route=\/wp\/v2\/users\/1"}],"replies":[{"embeddable":true,"href":"https:\/\/kildebroende.dk\/index.php?rest_route=%2Fwp%2Fv2%2Fcomments&post=397"}],"version-history":[{"count":48,"href":"https:\/\/kildebroende.dk\/index.php?rest_route=\/wp\/v2\/pages\/397\/revisions"}],"predecessor-version":[{"id":957,"href":"https:\/\/kildebroende.dk\/index.php?rest_route=\/wp\/v2\/pages\/397\/revisions\/957"}],"wp:attachment":[{"href":"https:\/\/kildebroende.dk\/index.php?rest_route=%2Fwp%2Fv2%2Fmedia&parent=397"}],"curies":[{"name":"wp","href":"https:\/\/api.w.org\/{rel}","templated":true}]}}